{"id":3,"date":"2025-04-13T12:06:26","date_gmt":"2025-04-13T12:06:26","guid":{"rendered":"https:\/\/lc-service.it\/?page_id=3"},"modified":"2025-06-01T17:49:11","modified_gmt":"2025-06-01T17:49:11","slug":"privacy-policy","status":"publish","type":"page","link":"https:\/\/lc-service.it\/index.php\/privacy-policy\/","title":{"rendered":"Privacy Policy LC-Service"},"content":{"rendered":"\t\t<div data-elementor-type=\"wp-page\" data-elementor-id=\"3\" class=\"elementor elementor-3\" data-elementor-settings=\"{&quot;ha_cmc_init_switcher&quot;:&quot;no&quot;}\" data-elementor-post-type=\"page\">\n\t\t\t\t<div class=\"elementor-element elementor-element-7cee5643 e-flex e-con-boxed e-con e-parent\" data-id=\"7cee5643\" data-element_type=\"container\" data-e-type=\"container\" data-settings=\"{&quot;_ha_eqh_enable&quot;:false}\">\n\t\t\t\t\t<div class=\"e-con-inner\">\n\t\t\t\t<div class=\"elementor-element elementor-element-4e34f098 elementor-widget elementor-widget-text-editor\" data-id=\"4e34f098\" data-element_type=\"widget\" data-e-type=\"widget\" data-widget_type=\"text-editor.default\">\n\t\t\t\t\t\t\t\t\t<h2>PRIVACY POLICY<\/h2><h4>Informativa ai sensi e per gli effetti dell\u2019art. 13 del D.Lgs. 196\/03 e del GDPR UE 2016\/679 relativi alla tutela del trattamento dei dati personali.<\/h4><h6>La presente informativa viene fornita ai sensi dell\u2019art. 13 del D.lgs. n. 196 del 30 giugno 2003 \u201cCodice in materia di protezione dei dati personali\u201d (\u201cCodice Privacy\u201d) e successive modifiche, nonch\u00e9 in conformit\u00e0 alle disposizioni del Regolamento UE 2016\/679 (\u201cGDPR\u201d) 2018, fatte naturalmente salve tutte le integrazioni e modifiche che potrebbero rendersi necessarie a seguito di interventi legislativi nazionali ed europei nonch\u00e9 all\u2019emanazione di provvedimenti e linee guida da parte del Garante per la Protezione dei Dati Personali e altre autorit\u00e0 nazionali ed europee in campo privacy.<\/h6><h6>LC-Service Srl (di seguito, la \u201cSociet\u00e0\u201d) utilizza il presente sito internet (di seguito, il \u201cSito\u201d) anche come strumento per la raccolta dei dati personali. L\u2019informativa \u00e8 resa, pertanto, anche ai sensi e per gli effetti dell\u2019art. 13 del Decreto Legislativo n. 196 del 30 giugno 2003 \u201cCodice in materia di protezione dei dati personali\u201d (il \u201cCodice\u201d), ai candidati che invieranno il loro curriculum attraverso il presente Sito.<\/h6><h4>1. Oggetto del trattamento<\/h4><h6>La raccolta dei dati avviene mediante invio alla Societ\u00e0, da parte degli interessati, delle informazioni relative a dati personali e alla propria esperienza professionale, organizzate in forma di curriculum vitae, tramite la registrazione dei propri dati nel sito www.lc-service.it attraverso la compilazione dell\u2019apposito modulo.<\/h6><h6>La raccolta riguarda esclusivamente dati comuni dell\u2019interessato. In alcun caso saranno raccolti e trattati dati sensibili e giudiziari.<br \/>L\u2019interessato non dovr\u00e0 pertanto conferire dati sensibili, ovvero quei dati che ai sensi dell\u2019art. 4 lett. d) del Decreto Legislativo n. 196 del 2003 sono idonei a rivelare l\u2019origine razziale ed etnica, le convinzioni religiose, filosofiche o di altro genere, le opinioni politiche, l\u2019adesione a partiti, sindacati, associazioni od organizzazioni a carattere religioso, filosofico, politico o sindacale, nonch\u00e9 i dati personali idonei a rivelare lo stato di salute e la vita sessuale.<\/h6><h4>2. Finalit\u00e0 della raccolta dei dati<\/h4><h6>La raccolta e il trattamento dei dati personali sono finalizzati allo svolgimento, da parte della Societ\u00e0, di attivit\u00e0 di ricerca e selezione per la propria struttura interna.<\/h6><h6>Per le suddette finalit\u00e0 l\u2019interessato potr\u00e0 essere contattato telefonicamente o mediante l\u2019utilizzo di posta elettronica, telefax o messaggi (sms, mms o altre tipologie).<br \/>Qualora l\u2019interessato decida di fornire il consenso la Societ\u00e0 potr\u00e0 utilizzare i dati personali raccolti anche per indagini di mercato ed elaborazioni statistiche; tali indagini verranno effettuate utilizzando dati raccolti su base globale.<br \/>I dati personali forniti in risposta ad uno specifico annuncio di ricerca saranno trattati anche nell\u2019ambito di ulteriori e successive selezioni di personale, salvo che il candidato non preferisca limitare il trattamento dei dati personali alla sola ricerca per cui ha risposto dandone comunicazione alla Societ\u00e0.<\/h6><h4>3. Modalit\u00e0 del trattamento<\/h4><h6>I dati saranno trattati con strumenti informatici e telematici, da incaricati della Societ\u00e0 nel rispetto delle regole di riservatezza e di sicurezza previste dalla legge.<\/h6><h6>Specifiche misure di sicurezza sono osservate per impedire la perdita, l\u2019alterazione dei dati, gli usi illeciti o non corretti, gli accessi non autorizzati o i trattamenti non consentiti o non conformi alle finalit\u00e0 della raccolta.<br \/>Il trattamento dei dati sar\u00e0 effettuato per il tempo necessario al conseguimento degli scopi per cui sono stati raccolti.<br \/>Tuttavia, qualora l\u2019interessato ritenga, per qualsiasi motivo, esaurito lo scopo del trattamento, dovr\u00e0 darne comunicazione scritta o per via telematica alla Societ\u00e0, come indicato al punto 7. A seguito della predetta comunicazione la Societ\u00e0 proceder\u00e0 all\u2019immediata cancellazione dei dati conferiti.<\/h6><h4>4. Natura del conferimento dei dati e conseguenze dell\u2019eventuale rifiuto.<\/h4><h6>Il conferimento dei dati personali da parte dell\u2019interessato per le finalit\u00e0 sopra esposte \u00e8 facoltativo.<br \/>L\u2019eventuale mancato conferimento dei dati contrassegnati con un asterisco (*), da parte dell\u2019interessato, comporter\u00e0 tuttavia l\u2019impossibilit\u00e0 per la Societ\u00e0 di svolgere le sopraindicate attivit\u00e0.<\/h6><h4>5. Ambito di comunicazione e diffusione dei dati<\/h4><h6>Per il perseguimento delle finalit\u00e0 sopraindicate, i dati personali conferiti saranno trattati da incaricati dalla Societ\u00e0 al trattamento.<\/h6><h4>6. Titolare e responsabile del trattamento<\/h4><h6>Il Titolare del trattamento dei dati \u00e8 la societ\u00e0:<br \/>LC-Service Srl \u2013 Via Giacomo Matteotti N. 18 \u2013 20832 Desio (MB)<br \/>Codice Fiscale 04851130965; Partita IVA 04851130965<\/h6><h6>Il Responsabile del trattamento potr\u00e0 essere contattato:<br \/>Tel.: +39 039-5963380; Fax: +39 039-5963381<br \/>e-mail: privacy@lc-service.it<\/h6><h4>7. Diritti dell\u2019interessato<\/h4><h6>In ogni momento sar\u00e0 possibile \u2013 senza formalit\u00e0 alcuna \u2013 esercitare i diritti di cui all\u2019art. 7 del Codice della Privacy, che per utilit\u00e0 \u00e8 riportato integralmente di seguito. L\u2019esercizio dei diritti non \u00e8 soggetto ad alcun vincolo di forma.<\/h6><h4>Testo Art. 7 (Diritto di accesso ai dati personali ed altri diritti) del Codice della Privacy<\/h4><h6>1. L\u2019interessato ha diritto di ottenere la conferma dell\u2019esistenza o meno di dati personali che lo riguardano, anche se non ancora registrati, e la loro comunicazione in forma intelligibile.<\/h6><h6>2. L\u2019interessato ha diritto di ottenere l\u2019indicazione:<\/h6><h6>a) dell\u2019origine dei dati personali;<br \/>b) delle finalit\u00e0 e modalit\u00e0 del trattamento;<br \/>c) della logica applicata in caso di trattamento effettuato con l\u2019ausilio di strumenti elettronici;<br \/>d) degli estremi identificativi del titolare, dei responsabili e del rappresentante designato ai sensi dell\u2019articolo 5, comma 2;<br \/>e) dei soggetti o delle categorie di soggetti ai quali i dati personali possono essere comunicati o che possono venirne a conoscenza in qualit\u00e0 di rappresentante designato nel territorio dello Stato, di responsabili o incaricati.<\/h6><h6>3. L\u2019interessato ha diritto di ottenere:<\/h6><h6>a) l\u2019aggiornamento, la rettificazione ovvero, quando vi ha interesse, l\u2019integrazione dei dati;<br \/>b) la cancellazione , la trasformazione in forma anonima o il blocco dei dati trattati in violazione di legge, compresi quelli di cui non \u00e8 necessaria la conservazione in relazione agli scopi per i quali i dati sono stati raccolti o successivamente trattati;<br \/>c) l\u2019attestazione che le operazioni di cui alle lettere a) e b) sono state portate a conoscenza, anche per quanto riguarda il loro contenuto, di coloro ai quali i dati sono stati comunicati o diffusi, eccettuato il caso in cui tale adempimento si rivela impossibile o comporta un impiego di mezzi manifestamente sproporzionato rispetto al diritto tutelato.<\/h6><h6>4. L\u2019interessato ha diritto di opporsi, in tutto o in parte:<\/h6><h6>a) per motivi legittimi al trattamento dei dati personali che lo riguardano, ancorch\u00e9 pertinenti allo scopo della raccolta;<br \/>b) al trattamento di dati personali che lo riguardano a fini di invio di materiale pubblicitario o di vendita diretta o per il compimento di ricerche di mercato o di comunicazione commerciale.<br \/>Per ciascuna richiesta di cui all\u2019art. 7 del D.Lgs. n. 196 del 2003, pu\u00f2 essere chiesto all\u2019interessato, ove non risulti confermata l\u2019esistenza di dati che lo riguardano, un contributo spese, non superiore ai costi effettivamente sopportati, secondo le modalit\u00e0 ed entro i limiti stabiliti dal D.Lgs. n. 196 del 2003, art. 10, commi 7, 8 e 9.<br \/>I diritti riferiti ai dati personali concernenti persone decedute, possono essere esercitati da chiunque vi abbia interesse. Nell\u2019esercizio dei diritti di cui all\u2019art. 7, l\u2019interessato pu\u00f2 conferire, per iscritto, delega o procura a persone fisiche oppure ad associazioni.<\/h6><h6>Ad integrazione l\u2019utente pu\u00f2 leggere la panoramica dell\u2019informativa completa di LC-Service srl<\/h6><h6>Per esercitare i diritti previsti dall\u2019art. 7 del D.Lgs. n. 196 del 2003, nonch\u00e9 per eventuali quesiti riguardanti la protezione dei dati personali, l\u2019interessato dovr\u00e0 rivolgere la propria richiesta al Titolare del trattamento all\u2019indirizzo LC-Service Srl \u2013 Via Giacomo Matteotti n. 18 \u2013 20832 Desio (MB). o per via telematica al seguente indirizzo e-mail: privacy@lc-service.it<br \/>Si prega di indicare nell\u2019oggetto della comunicazione che si tratta di richiesta ex art. 7 del D.Lgs. n. 196 del 2003.<\/h6>\t\t\t\t\t\t\t\t<\/div>\n\t\t<div class=\"elementor-element elementor-element-31c4133 e-con-full e-flex e-con e-child\" data-id=\"31c4133\" data-element_type=\"container\" data-e-type=\"container\" data-settings=\"{&quot;_ha_eqh_enable&quot;:false}\">\n\t\t\t\t<\/div>\n\t\t\t\t\t<\/div>\n\t\t\t\t<\/div>\n\t\t<div class=\"elementor-element elementor-element-823eab1 e-flex e-con-boxed e-con e-parent\" data-id=\"823eab1\" data-element_type=\"container\" data-e-type=\"container\" data-settings=\"{&quot;_ha_eqh_enable&quot;:false}\">\n\t\t\t\t\t<div class=\"e-con-inner\">\n\t\t\t\t\t<\/div>\n\t\t\t\t<\/div>\n\t\t\t\t<\/div>\n\t\t","protected":false},"excerpt":{"rendered":"<p>PRIVACY POLICY Informativa ai sensi e per gli effetti dell\u2019art. 13 del D.Lgs. 196\/03 e del GDPR UE 2016\/679 relativi alla tutela del trattamento dei dati personali. La presente informativa viene fornita ai sensi dell\u2019art. 13 del D.lgs. n. 196 del 30 giugno 2003 \u201cCodice in materia di protezione dei dati personali\u201d (\u201cCodice Privacy\u201d) e [&hellip;]<\/p>\n","protected":false},"author":1,"featured_media":0,"parent":0,"menu_order":0,"comment_status":"closed","ping_status":"closed","template":"page-templates\/template-default.php","meta":{"_monsterinsights_skip_tracking":false,"_monsterinsights_sitenote_active":false,"_monsterinsights_sitenote_note":"","_monsterinsights_sitenote_category":0,"footnotes":""},"class_list":["post-3","page","type-page","status-publish","hentry"],"aioseo_notices":[],"_links":{"self":[{"href":"https:\/\/lc-service.it\/index.php\/wp-json\/wp\/v2\/pages\/3","targetHints":{"allow":["GET"]}}],"collection":[{"href":"https:\/\/lc-service.it\/index.php\/wp-json\/wp\/v2\/pages"}],"about":[{"href":"https:\/\/lc-service.it\/index.php\/wp-json\/wp\/v2\/types\/page"}],"author":[{"embeddable":true,"href":"https:\/\/lc-service.it\/index.php\/wp-json\/wp\/v2\/users\/1"}],"replies":[{"embeddable":true,"href":"https:\/\/lc-service.it\/index.php\/wp-json\/wp\/v2\/comments?post=3"}],"version-history":[{"count":0,"href":"https:\/\/lc-service.it\/index.php\/wp-json\/wp\/v2\/pages\/3\/revisions"}],"wp:attachment":[{"href":"https:\/\/lc-service.it\/index.php\/wp-json\/wp\/v2\/media?parent=3"}],"curies":[{"name":"wp","href":"https:\/\/api.w.org\/{rel}","templated":true}]}}