{"id":20863,"date":"2025-04-20T22:11:17","date_gmt":"2025-04-20T22:11:17","guid":{"rendered":"https:\/\/lc-service.it\/?page_id=20863"},"modified":"2025-06-01T17:52:42","modified_gmt":"2025-06-01T17:52:42","slug":"disclaimer","status":"publish","type":"page","link":"https:\/\/lc-service.it\/index.php\/disclaimer\/","title":{"rendered":"Disclaimer"},"content":{"rendered":"\t\t<div data-elementor-type=\"wp-page\" data-elementor-id=\"20863\" class=\"elementor elementor-20863\" data-elementor-settings=\"{&quot;ha_cmc_init_switcher&quot;:&quot;no&quot;}\" data-elementor-post-type=\"page\">\n\t\t\t\t<div class=\"elementor-element elementor-element-7ecc9ea e-flex e-con-boxed e-con e-parent\" data-id=\"7ecc9ea\" data-element_type=\"container\" data-e-type=\"container\" data-settings=\"{&quot;_ha_eqh_enable&quot;:false}\">\n\t\t\t\t\t<div class=\"e-con-inner\">\n\t\t<div class=\"elementor-element elementor-element-145eada e-con-full e-flex e-con e-child\" data-id=\"145eada\" data-element_type=\"container\" data-e-type=\"container\" data-settings=\"{&quot;_ha_eqh_enable&quot;:false}\">\n\t\t<div class=\"elementor-element elementor-element-e6428ab e-con-full e-flex e-con e-child\" data-id=\"e6428ab\" data-element_type=\"container\" data-e-type=\"container\" data-settings=\"{&quot;_ha_eqh_enable&quot;:false}\">\n\t\t\t\t<div class=\"elementor-element elementor-element-4046c3c elementor-widget elementor-widget-text-editor\" data-id=\"4046c3c\" data-element_type=\"widget\" data-e-type=\"widget\" data-widget_type=\"text-editor.default\">\n\t\t\t\t\t\t\t\t\t<h2>DISCLAIMER<\/h2><h4>Copyright<\/h4><h6>Ove non diversamente indicato, tutto il materiale presente in questo sito \u2013 ivi compresi, pertanto, tutti gli elementi dell\u2019interfaccia grafica e le immagini che non siano gi\u00e0 protette dal diritto d\u2019autore \u2013 \u00e8 di propriet\u00e0 e copyright di LC-Service srl.<\/h6><h6>i contenuti delle pagine del sito non possono \u2013 n\u00e9 totalmente n\u00e9 in parte \u2013 essere copiati, riprodotti, trasferiti, caricati, pubblicati o distribuiti in qualsiasi modo senza il preventivo consenso scritto della scrivente societ\u00e0; per utilizzo personale \u00e8 tuttavia consentito immagazzinarli nel proprio computer o di stamparne estratti. Qualsiasi violazione verr\u00e0 perseguita, senza avviso alcuno, tramite le azioni legali previste dalla vigente normativa.<\/h6><h6>Tutti i marchi, cos\u00ec come ogni riferimento a diritti di privativa industriale non appartenenti alla Societ\u00e0 LC-Service srl, sono citati in funzione meramente descrittiva, senza alcun pregiudizio per i diritti dei rispettivi titolari. Tuttavia, ogni presunta violazione dei diritti di terzi ad opera dei materiali qui pubblicati pu\u00f2 essere segnalata al seguente indirizzo:\u00a0<a>info@lc-service.it<\/a><br \/>Sono possibili le citazioni a titolo di cronaca, critica o recensione, purch\u00e9 accompagnate dal nome dell\u2019autore e dall\u2019indicazione della fonte, compreso l\u2019indirizzo web.<\/h6><h4>Link Agreement<\/h4><h6>Sono consentiti, senza alcuna richiesta di autorizzazione, i link da altri siti alla prima pagina del sito web <a href=\"https:\/\/lc-service.it\/\">https:\/\/lc-service.it<\/a>\u00a0ovvero a pagine interne di esso (c.d. deep linking); comunicazione dell\u2019avvenuto agganciamento \u00e8 tuttavia gradita.<br \/>La societ\u00e0 LC-Service srl si riserva tuttavia la facolt\u00e0 di richiedere la rimozione dei links al proprio sito qualora questi venissero inseriti in siti dal contenuto osceno o comunque contrario al buon costume, nonch\u00e9 illecito od offensivo o lesivo della propria immagine.<br \/>In assenza di previa autorizzazione scritta da parte della scrivente azienda, sono espressamente vietati il framing ed ogni altra forma di riproduzione analoga.<\/h6><h6>Il nostro sito internet include links ad altri siti.\u00a0LC-Service srl non ha tuttavia alcun potere di controllo sulla struttura e sui contenuti delle pagine linkate. L\u2019unico responsabile per contenuti illegali, non veritieri o incompleti, nonch\u00e9 per i danni derivanti dall\u2019utilizzo di tali informazioni \u00e8 pertanto l\u2019hosting provider o il titolare del sito internet al quale si fa riferimento.<\/h6><h4>Dichiarazione di responsabilit\u00e0 e modifica dei contenuti<\/h4><h6>I contenuti offerti dal sito web della LC-Service srl sono redatti con la massima cura e diligenza e vengono sottoposti ad un accurato controllo prima di essere pubblicati.<\/h6><h6>La scrivente societ\u00e0, tuttavia, declina ogni e qualsivoglia responsabilit\u00e0 nei confronti degli utenti nonch\u00e9 di altri soggetti terzi per eventuali ritardi, imprecisioni, errori, omissioni, derivanti dai suddetti contenuti; la segnalazione di eventuali errori o imprecisioni \u00e8 peraltro gradita.<br \/>Pi\u00f9 in generale, salvo diverse indicazioni di legge, LC-Service srl non potr\u00e0 essere ritenuta in alcun modo responsabile dei danni di qualsiasi natura causati \u2013 direttamente o indirettamente \u2013 dall\u2019accesso al sito, dall\u2019incapacit\u00e0 o impossibilit\u00e0 di accedervi, dall\u2019affidamento sulla veridicit\u00e0 delle informazioni in esso contenute o dal loro impiego.<\/h6><h6>La societ\u00e0, ancora, non si assume alcuna responsabilit\u00e0 per servizi offerti da terzi con i quali il sito abbia attivato un link di collegamento nonch\u00e9 per eventuali contenuti contrari alla legge presenti nella risorsa del terzo collegata al suddetto link. i collegamenti ai siti esterni, infatti, sono forniti come semplice servizio agli utenti, con conseguente esclusione di ogni responsabilit\u00e0 sulla correttezza e\/o sulla completezza dell\u2019insieme dei collegamenti indicati.<\/h6><h6>LC-Service srl si riserva il diritto di modificare i contenuti del sito in qualsiasi momento e senza preavviso alcuno.<\/h6><h4>Titolare del trattamento<\/h4><h6>Titolare del trattamento dei dati personali derivante dall\u2019accesso e utilizzo del sito \u00e8 la societ\u00e0 LC-Service srl, con sede in Via Padre Reginaldo Giuliani 27\/29 20851 Lissone, MB \u2013 Italia<\/h6><h6>Al fine di conoscere in modo dettagliato le modalit\u00e0 di gestione del sito relativamente al trattamento dei dati degli utenti che lo consultano si rimanda al documento di Private Policy.<\/h6>\t\t\t\t\t\t\t\t<\/div>\n\t\t\t\t<\/div>\n\t\t\t\t<\/div>\n\t\t\t\t\t<\/div>\n\t\t\t\t<\/div>\n\t\t\t\t<\/div>\n\t\t","protected":false},"excerpt":{"rendered":"<p>DISCLAIMER Copyright Ove non diversamente indicato, tutto il materiale presente in questo sito \u2013 ivi compresi, pertanto, tutti gli elementi dell\u2019interfaccia grafica e le immagini che non siano gi\u00e0 protette dal diritto d\u2019autore \u2013 \u00e8 di propriet\u00e0 e copyright di LC-Service srl. i contenuti delle pagine del sito non possono \u2013 n\u00e9 totalmente n\u00e9 in [&hellip;]<\/p>\n","protected":false},"author":1,"featured_media":0,"parent":0,"menu_order":0,"comment_status":"closed","ping_status":"closed","template":"page-templates\/template-default.php","meta":{"_monsterinsights_skip_tracking":false,"_monsterinsights_sitenote_active":false,"_monsterinsights_sitenote_note":"","_monsterinsights_sitenote_category":0,"footnotes":""},"class_list":["post-20863","page","type-page","status-publish","hentry"],"aioseo_notices":[],"_links":{"self":[{"href":"https:\/\/lc-service.it\/index.php\/wp-json\/wp\/v2\/pages\/20863","targetHints":{"allow":["GET"]}}],"collection":[{"href":"https:\/\/lc-service.it\/index.php\/wp-json\/wp\/v2\/pages"}],"about":[{"href":"https:\/\/lc-service.it\/index.php\/wp-json\/wp\/v2\/types\/page"}],"author":[{"embeddable":true,"href":"https:\/\/lc-service.it\/index.php\/wp-json\/wp\/v2\/users\/1"}],"replies":[{"embeddable":true,"href":"https:\/\/lc-service.it\/index.php\/wp-json\/wp\/v2\/comments?post=20863"}],"version-history":[{"count":0,"href":"https:\/\/lc-service.it\/index.php\/wp-json\/wp\/v2\/pages\/20863\/revisions"}],"wp:attachment":[{"href":"https:\/\/lc-service.it\/index.php\/wp-json\/wp\/v2\/media?parent=20863"}],"curies":[{"name":"wp","href":"https:\/\/api.w.org\/{rel}","templated":true}]}}